{"id":277,"date":"2021-04-29T18:41:08","date_gmt":"2021-04-29T18:41:08","guid":{"rendered":"https:\/\/pfadfinder-fallingbostel.de\/?page_id=277"},"modified":"2024-02-24T18:17:07","modified_gmt":"2024-02-24T18:17:07","slug":"haus-berlin","status":"publish","type":"page","link":"https:\/\/pfadfinder-fallingbostel.de\/?page_id=277","title":{"rendered":"Haus Berlin"},"content":{"rendered":"\n<p class=\"has-large-font-size\">In Haus Berlin findet Ihr drei Gruppen- und ein Leiterzimmer, es bietet Platz f\u00fcr 34 G\u00e4ste. Im Untergescho\u00df stehen WCs und Waschr\u00e4ume in ausreichender Anzahl zur Verf\u00fcgung.<\/p>\n\n\n\n<p><\/p>\n\n\n<div class=\"wp-block-image\">\n<figure class=\"aligncenter size-large is-resized\"><img loading=\"lazy\" decoding=\"async\" src=\"https:\/\/pfadfinder-fallingbostel.de\/wp-content\/uploads\/2021\/05\/Berlin.png\" alt=\"\" class=\"wp-image-305\" width=\"1094\" height=\"733\" srcset=\"https:\/\/pfadfinder-fallingbostel.de\/wp-content\/uploads\/2021\/05\/Berlin.png 946w, https:\/\/pfadfinder-fallingbostel.de\/wp-content\/uploads\/2021\/05\/Berlin-300x201.png 300w, https:\/\/pfadfinder-fallingbostel.de\/wp-content\/uploads\/2021\/05\/Berlin-768x514.png 768w, https:\/\/pfadfinder-fallingbostel.de\/wp-content\/uploads\/2021\/05\/Berlin-448x300.png 448w\" sizes=\"auto, (max-width: 1094px) 100vw, 1094px\" \/><\/figure>\n<\/div>\n\n\n<div style=\"height:100px\" aria-hidden=\"true\" class=\"wp-block-spacer\"><\/div>\n\n\n<div class=\"wp-block-image\">\n<figure class=\"aligncenter size-large\"><img loading=\"lazy\" decoding=\"async\" width=\"1024\" height=\"768\" src=\"https:\/\/pfadfinder-fallingbostel.de\/wp-content\/uploads\/2021\/05\/IMG_20210523_111913-1-1024x768.jpg\" alt=\"\" class=\"wp-image-445\" srcset=\"https:\/\/pfadfinder-fallingbostel.de\/wp-content\/uploads\/2021\/05\/IMG_20210523_111913-1-1024x768.jpg 1024w, https:\/\/pfadfinder-fallingbostel.de\/wp-content\/uploads\/2021\/05\/IMG_20210523_111913-1-300x225.jpg 300w, https:\/\/pfadfinder-fallingbostel.de\/wp-content\/uploads\/2021\/05\/IMG_20210523_111913-1-768x576.jpg 768w, https:\/\/pfadfinder-fallingbostel.de\/wp-content\/uploads\/2021\/05\/IMG_20210523_111913-1-1536x1152.jpg 1536w, https:\/\/pfadfinder-fallingbostel.de\/wp-content\/uploads\/2021\/05\/IMG_20210523_111913-1-2048x1536.jpg 2048w, https:\/\/pfadfinder-fallingbostel.de\/wp-content\/uploads\/2021\/05\/IMG_20210523_111913-1-400x300.jpg 400w\" sizes=\"auto, (max-width: 1024px) 100vw, 1024px\" \/><\/figure>\n<\/div>\n\n\n<div style=\"height:100px\" aria-hidden=\"true\" class=\"wp-block-spacer\"><\/div>\n\n\n<div class=\"wp-block-image\">\n<figure class=\"aligncenter size-large\"><img loading=\"lazy\" decoding=\"async\" width=\"1024\" height=\"768\" src=\"https:\/\/pfadfinder-fallingbostel.de\/wp-content\/uploads\/2021\/05\/IMG_20210523_111953-1024x768.jpg\" alt=\"\" class=\"wp-image-426\" srcset=\"https:\/\/pfadfinder-fallingbostel.de\/wp-content\/uploads\/2021\/05\/IMG_20210523_111953-1024x768.jpg 1024w, https:\/\/pfadfinder-fallingbostel.de\/wp-content\/uploads\/2021\/05\/IMG_20210523_111953-300x225.jpg 300w, https:\/\/pfadfinder-fallingbostel.de\/wp-content\/uploads\/2021\/05\/IMG_20210523_111953-768x576.jpg 768w, https:\/\/pfadfinder-fallingbostel.de\/wp-content\/uploads\/2021\/05\/IMG_20210523_111953-1536x1152.jpg 1536w, https:\/\/pfadfinder-fallingbostel.de\/wp-content\/uploads\/2021\/05\/IMG_20210523_111953-2048x1536.jpg 2048w, https:\/\/pfadfinder-fallingbostel.de\/wp-content\/uploads\/2021\/05\/IMG_20210523_111953-400x300.jpg 400w\" sizes=\"auto, (max-width: 1024px) 100vw, 1024px\" \/><\/figure>\n<\/div>\n\n\n<div style=\"height:100px\" aria-hidden=\"true\" class=\"wp-block-spacer\"><\/div>\n\n\n<div class=\"wp-block-image\">\n<figure class=\"aligncenter size-large\"><img loading=\"lazy\" decoding=\"async\" width=\"1024\" height=\"768\" src=\"https:\/\/pfadfinder-fallingbostel.de\/wp-content\/uploads\/2021\/05\/IMG_20210522_152125-1-1024x768.jpg\" alt=\"\" class=\"wp-image-441\" srcset=\"https:\/\/pfadfinder-fallingbostel.de\/wp-content\/uploads\/2021\/05\/IMG_20210522_152125-1-1024x768.jpg 1024w, https:\/\/pfadfinder-fallingbostel.de\/wp-content\/uploads\/2021\/05\/IMG_20210522_152125-1-300x225.jpg 300w, https:\/\/pfadfinder-fallingbostel.de\/wp-content\/uploads\/2021\/05\/IMG_20210522_152125-1-768x576.jpg 768w, https:\/\/pfadfinder-fallingbostel.de\/wp-content\/uploads\/2021\/05\/IMG_20210522_152125-1-1536x1152.jpg 1536w, https:\/\/pfadfinder-fallingbostel.de\/wp-content\/uploads\/2021\/05\/IMG_20210522_152125-1-2048x1536.jpg 2048w, https:\/\/pfadfinder-fallingbostel.de\/wp-content\/uploads\/2021\/05\/IMG_20210522_152125-1-400x300.jpg 400w\" sizes=\"auto, (max-width: 1024px) 100vw, 1024px\" \/><\/figure>\n<\/div>\n\n\n<div style=\"height:100px\" aria-hidden=\"true\" class=\"wp-block-spacer\"><\/div>\n\n\n<div class=\"wp-block-image\">\n<figure class=\"aligncenter size-large\"><img loading=\"lazy\" decoding=\"async\" width=\"1024\" height=\"768\" src=\"https:\/\/pfadfinder-fallingbostel.de\/wp-content\/uploads\/2021\/05\/IMG_20210522_152254-1024x768.jpg\" alt=\"\" class=\"wp-image-444\" srcset=\"https:\/\/pfadfinder-fallingbostel.de\/wp-content\/uploads\/2021\/05\/IMG_20210522_152254-1024x768.jpg 1024w, https:\/\/pfadfinder-fallingbostel.de\/wp-content\/uploads\/2021\/05\/IMG_20210522_152254-300x225.jpg 300w, https:\/\/pfadfinder-fallingbostel.de\/wp-content\/uploads\/2021\/05\/IMG_20210522_152254-768x576.jpg 768w, https:\/\/pfadfinder-fallingbostel.de\/wp-content\/uploads\/2021\/05\/IMG_20210522_152254-1536x1152.jpg 1536w, https:\/\/pfadfinder-fallingbostel.de\/wp-content\/uploads\/2021\/05\/IMG_20210522_152254-2048x1536.jpg 2048w, https:\/\/pfadfinder-fallingbostel.de\/wp-content\/uploads\/2021\/05\/IMG_20210522_152254-400x300.jpg 400w\" sizes=\"auto, (max-width: 1024px) 100vw, 1024px\" \/><\/figure>\n<\/div>\n\n\n<p><\/p>\n","protected":false},"excerpt":{"rendered":"<p>In Haus Berlin findet Ihr drei Gruppen- und ein Leiterzimmer, es bietet Platz f\u00fcr 34 G\u00e4ste. Im Untergescho\u00df stehen WCs und Waschr\u00e4ume in ausreichender Anzahl &hellip;<\/p>\n","protected":false},"author":1,"featured_media":445,"parent":0,"menu_order":0,"comment_status":"closed","ping_status":"closed","template":"","meta":{"footnotes":""},"class_list":["post-277","page","type-page","status-publish","has-post-thumbnail","hentry"],"jetpack_sharing_enabled":true,"_links":{"self":[{"href":"https:\/\/pfadfinder-fallingbostel.de\/index.php?rest_route=\/wp\/v2\/pages\/277","targetHints":{"allow":["GET"]}}],"collection":[{"href":"https:\/\/pfadfinder-fallingbostel.de\/index.php?rest_route=\/wp\/v2\/pages"}],"about":[{"href":"https:\/\/pfadfinder-fallingbostel.de\/index.php?rest_route=\/wp\/v2\/types\/page"}],"author":[{"embeddable":true,"href":"https:\/\/pfadfinder-fallingbostel.de\/index.php?rest_route=\/wp\/v2\/users\/1"}],"replies":[{"embeddable":true,"href":"https:\/\/pfadfinder-fallingbostel.de\/index.php?rest_route=%2Fwp%2Fv2%2Fcomments&post=277"}],"version-history":[{"count":17,"href":"https:\/\/pfadfinder-fallingbostel.de\/index.php?rest_route=\/wp\/v2\/pages\/277\/revisions"}],"predecessor-version":[{"id":555,"href":"https:\/\/pfadfinder-fallingbostel.de\/index.php?rest_route=\/wp\/v2\/pages\/277\/revisions\/555"}],"wp:featuredmedia":[{"embeddable":true,"href":"https:\/\/pfadfinder-fallingbostel.de\/index.php?rest_route=\/wp\/v2\/media\/445"}],"wp:attachment":[{"href":"https:\/\/pfadfinder-fallingbostel.de\/index.php?rest_route=%2Fwp%2Fv2%2Fmedia&parent=277"}],"curies":[{"name":"wp","href":"https:\/\/api.w.org\/{rel}","templated":true}]}}