{"id":249,"date":"2021-04-29T17:49:04","date_gmt":"2021-04-29T17:49:04","guid":{"rendered":"https:\/\/pfadfinder-fallingbostel.de\/?page_id=249"},"modified":"2025-08-10T12:04:40","modified_gmt":"2025-08-10T12:04:40","slug":"impressum","status":"publish","type":"page","link":"https:\/\/pfadfinder-fallingbostel.de\/?page_id=249","title":{"rendered":"Verein"},"content":{"rendered":"\n<p class=\"has-headings-color has-text-color\">Die Bildungsst\u00e4tte wird seit jeher von einem eingetragenen und gemeinn\u00fctzigen Verein betrieben und betreut. Die H\u00e4user und Anlagen wurden in Eigenleistung errichtet und laufend instand gehalten.<br>Gegr\u00fcndet wurde der Verein im Jahre 1948, so konnten wir in 2018 unser 70 j\u00e4hriges Bestehen mit einem rauschenden Fest feiern.<br>Die Mitglieder des Vereins kommen fast alle aus dem BdP (Bund der Pfadfinderinnen und Pfadfinder) und haben dadurch in ihrer aktiven Pfadfinderzeit das Gel\u00e4nde kennen und lieben gelernt.<br>Es finden regelm\u00e4\u00dfig Arbeitseins\u00e4tze statt, an denen gemeinsam an der Instandhaltung und Pflege der Bildungsst\u00e4tte gearbeitet wird.<br>Ein geselliges Beisammensein am abendlichen Lagerfeuer darf dabei nicht fehlen.<br>Neue Mitglieder sind stets willkommen, ob Pfadfinder oder nicht.<\/p>\n\n\n\n<div style=\"height:88px\" aria-hidden=\"true\" class=\"wp-block-spacer\"><\/div>\n\n\n<div class=\"wp-block-image wp-duotone-333-rgb152183152-1\">\n<figure class=\"aligncenter size-large is-resized\"><img loading=\"lazy\" decoding=\"async\" width=\"1024\" height=\"571\" src=\"https:\/\/pfadfinder-fallingbostel.de\/wp-content\/uploads\/2021\/04\/Logo_Jubi-Copy-1024x571.jpg\" alt=\"\" class=\"wp-image-256\" style=\"width:457px;height:auto\" srcset=\"https:\/\/pfadfinder-fallingbostel.de\/wp-content\/uploads\/2021\/04\/Logo_Jubi-Copy-1024x571.jpg 1024w, https:\/\/pfadfinder-fallingbostel.de\/wp-content\/uploads\/2021\/04\/Logo_Jubi-Copy-300x167.jpg 300w, https:\/\/pfadfinder-fallingbostel.de\/wp-content\/uploads\/2021\/04\/Logo_Jubi-Copy-768x428.jpg 768w, https:\/\/pfadfinder-fallingbostel.de\/wp-content\/uploads\/2021\/04\/Logo_Jubi-Copy-1536x856.jpg 1536w, https:\/\/pfadfinder-fallingbostel.de\/wp-content\/uploads\/2021\/04\/Logo_Jubi-Copy-508x283.jpg 508w, https:\/\/pfadfinder-fallingbostel.de\/wp-content\/uploads\/2021\/04\/Logo_Jubi-Copy.jpg 1600w\" sizes=\"auto, (max-width: 1024px) 100vw, 1024px\" \/><\/figure>\n<\/div>\n\n\n<div style=\"height:100px\" aria-hidden=\"true\" class=\"wp-block-spacer\"><\/div>\n","protected":false},"excerpt":{"rendered":"<p>Die Bildungsst\u00e4tte wird seit jeher von einem eingetragenen und gemeinn\u00fctzigen Verein betrieben und betreut. Die H\u00e4user und Anlagen wurden in Eigenleistung errichtet und laufend instand &hellip;<\/p>\n","protected":false},"author":1,"featured_media":540,"parent":0,"menu_order":0,"comment_status":"closed","ping_status":"closed","template":"","meta":{"footnotes":""},"class_list":["post-249","page","type-page","status-publish","has-post-thumbnail","hentry"],"jetpack_sharing_enabled":true,"_links":{"self":[{"href":"https:\/\/pfadfinder-fallingbostel.de\/index.php?rest_route=\/wp\/v2\/pages\/249","targetHints":{"allow":["GET"]}}],"collection":[{"href":"https:\/\/pfadfinder-fallingbostel.de\/index.php?rest_route=\/wp\/v2\/pages"}],"about":[{"href":"https:\/\/pfadfinder-fallingbostel.de\/index.php?rest_route=\/wp\/v2\/types\/page"}],"author":[{"embeddable":true,"href":"https:\/\/pfadfinder-fallingbostel.de\/index.php?rest_route=\/wp\/v2\/users\/1"}],"replies":[{"embeddable":true,"href":"https:\/\/pfadfinder-fallingbostel.de\/index.php?rest_route=%2Fwp%2Fv2%2Fcomments&post=249"}],"version-history":[{"count":18,"href":"https:\/\/pfadfinder-fallingbostel.de\/index.php?rest_route=\/wp\/v2\/pages\/249\/revisions"}],"predecessor-version":[{"id":1004,"href":"https:\/\/pfadfinder-fallingbostel.de\/index.php?rest_route=\/wp\/v2\/pages\/249\/revisions\/1004"}],"wp:featuredmedia":[{"embeddable":true,"href":"https:\/\/pfadfinder-fallingbostel.de\/index.php?rest_route=\/wp\/v2\/media\/540"}],"wp:attachment":[{"href":"https:\/\/pfadfinder-fallingbostel.de\/index.php?rest_route=%2Fwp%2Fv2%2Fmedia&parent=249"}],"curies":[{"name":"wp","href":"https:\/\/api.w.org\/{rel}","templated":true}]}}