{"id":194,"date":"2021-04-27T06:37:07","date_gmt":"2021-04-27T06:37:07","guid":{"rendered":"http:\/\/pfadfinder-fallingbostel.de\/?page_id=194"},"modified":"2024-10-27T16:05:43","modified_gmt":"2024-10-27T16:05:43","slug":"das-gelaende","status":"publish","type":"page","link":"https:\/\/pfadfinder-fallingbostel.de\/?page_id=194","title":{"rendered":"Gel\u00e4nde"},"content":{"rendered":"\n<p>Auf drei Zeltwiesen k\u00f6nnen hier Zeltlager stattfinden.<\/p>\n\n\n\n<p>Das weitl\u00e4ufige Gel\u00e4nde bietet Platz f\u00fcr viele Freizeitaktivit\u00e4ten:<\/p>\n\n\n\n<ul class=\"wp-block-list\">\n<li>Bootsanleger an der B\u00f6hme<\/li>\n<\/ul>\n\n\n\n<ul class=\"wp-block-list\">\n<li>Feuerstelle<\/li>\n<\/ul>\n\n\n\n<ul class=\"wp-block-list\">\n<li>Backofen<\/li>\n<\/ul>\n\n\n\n<ul class=\"wp-block-list\">\n<li>Grillplatz<\/li>\n<\/ul>\n\n\n\n<ul class=\"wp-block-list\">\n<li>Bolzplatz<\/li>\n<\/ul>\n\n\n\n<ul class=\"wp-block-list\">\n<li>Tischtennisplatte <\/li>\n<\/ul>\n\n\n\n<ul class=\"wp-block-list\">\n<li>Basketballkorb<\/li>\n<\/ul>\n\n\n\n<div style=\"height:47px\" aria-hidden=\"true\" class=\"wp-block-spacer\"><\/div>\n\n\n\n<figure class=\"wp-block-gallery alignfull has-nested-images columns-default is-cropped wp-block-gallery-1 is-layout-flex wp-block-gallery-is-layout-flex\">\n<figure class=\"wp-block-image size-large\"><img loading=\"lazy\" decoding=\"async\" width=\"1024\" height=\"768\" data-id=\"467\" src=\"https:\/\/pfadfinder-fallingbostel.de\/wp-content\/uploads\/2021\/05\/IMG_20210522_172737-1024x768.jpg\" alt=\"\" class=\"wp-image-467\" srcset=\"https:\/\/pfadfinder-fallingbostel.de\/wp-content\/uploads\/2021\/05\/IMG_20210522_172737-1024x768.jpg 1024w, https:\/\/pfadfinder-fallingbostel.de\/wp-content\/uploads\/2021\/05\/IMG_20210522_172737-300x225.jpg 300w, https:\/\/pfadfinder-fallingbostel.de\/wp-content\/uploads\/2021\/05\/IMG_20210522_172737-768x576.jpg 768w, https:\/\/pfadfinder-fallingbostel.de\/wp-content\/uploads\/2021\/05\/IMG_20210522_172737-1536x1152.jpg 1536w, https:\/\/pfadfinder-fallingbostel.de\/wp-content\/uploads\/2021\/05\/IMG_20210522_172737-2048x1536.jpg 2048w, https:\/\/pfadfinder-fallingbostel.de\/wp-content\/uploads\/2021\/05\/IMG_20210522_172737-400x300.jpg 400w\" sizes=\"auto, (max-width: 1024px) 100vw, 1024px\" \/><\/figure>\n\n\n\n<figure class=\"wp-block-image size-large\"><img loading=\"lazy\" decoding=\"async\" width=\"1024\" height=\"768\" data-id=\"470\" src=\"https:\/\/pfadfinder-fallingbostel.de\/wp-content\/uploads\/2021\/05\/IMG_20210522_193610-1024x768.jpg\" alt=\"\" class=\"wp-image-470\" srcset=\"https:\/\/pfadfinder-fallingbostel.de\/wp-content\/uploads\/2021\/05\/IMG_20210522_193610-1024x768.jpg 1024w, https:\/\/pfadfinder-fallingbostel.de\/wp-content\/uploads\/2021\/05\/IMG_20210522_193610-300x225.jpg 300w, https:\/\/pfadfinder-fallingbostel.de\/wp-content\/uploads\/2021\/05\/IMG_20210522_193610-768x576.jpg 768w, https:\/\/pfadfinder-fallingbostel.de\/wp-content\/uploads\/2021\/05\/IMG_20210522_193610-1536x1152.jpg 1536w, https:\/\/pfadfinder-fallingbostel.de\/wp-content\/uploads\/2021\/05\/IMG_20210522_193610-2048x1536.jpg 2048w, https:\/\/pfadfinder-fallingbostel.de\/wp-content\/uploads\/2021\/05\/IMG_20210522_193610-400x300.jpg 400w\" sizes=\"auto, (max-width: 1024px) 100vw, 1024px\" \/><\/figure>\n\n\n\n<figure class=\"wp-block-image size-large\"><img loading=\"lazy\" decoding=\"async\" width=\"1024\" height=\"768\" data-id=\"465\" src=\"https:\/\/pfadfinder-fallingbostel.de\/wp-content\/uploads\/2021\/05\/IMG_20210522_164346-1024x768.jpg\" alt=\"\" class=\"wp-image-465\" srcset=\"https:\/\/pfadfinder-fallingbostel.de\/wp-content\/uploads\/2021\/05\/IMG_20210522_164346-1024x768.jpg 1024w, https:\/\/pfadfinder-fallingbostel.de\/wp-content\/uploads\/2021\/05\/IMG_20210522_164346-300x225.jpg 300w, https:\/\/pfadfinder-fallingbostel.de\/wp-content\/uploads\/2021\/05\/IMG_20210522_164346-768x576.jpg 768w, https:\/\/pfadfinder-fallingbostel.de\/wp-content\/uploads\/2021\/05\/IMG_20210522_164346-1536x1152.jpg 1536w, https:\/\/pfadfinder-fallingbostel.de\/wp-content\/uploads\/2021\/05\/IMG_20210522_164346-2048x1536.jpg 2048w, https:\/\/pfadfinder-fallingbostel.de\/wp-content\/uploads\/2021\/05\/IMG_20210522_164346-400x300.jpg 400w\" sizes=\"auto, (max-width: 1024px) 100vw, 1024px\" \/><\/figure>\n\n\n\n<figure class=\"wp-block-image size-large\"><img loading=\"lazy\" decoding=\"async\" width=\"1024\" height=\"768\" data-id=\"476\" src=\"https:\/\/pfadfinder-fallingbostel.de\/wp-content\/uploads\/2021\/05\/IMG_20210522_193658-1024x768.jpg\" alt=\"\" class=\"wp-image-476\" srcset=\"https:\/\/pfadfinder-fallingbostel.de\/wp-content\/uploads\/2021\/05\/IMG_20210522_193658-1024x768.jpg 1024w, https:\/\/pfadfinder-fallingbostel.de\/wp-content\/uploads\/2021\/05\/IMG_20210522_193658-300x225.jpg 300w, https:\/\/pfadfinder-fallingbostel.de\/wp-content\/uploads\/2021\/05\/IMG_20210522_193658-768x576.jpg 768w, https:\/\/pfadfinder-fallingbostel.de\/wp-content\/uploads\/2021\/05\/IMG_20210522_193658-1536x1152.jpg 1536w, https:\/\/pfadfinder-fallingbostel.de\/wp-content\/uploads\/2021\/05\/IMG_20210522_193658-2048x1536.jpg 2048w, https:\/\/pfadfinder-fallingbostel.de\/wp-content\/uploads\/2021\/05\/IMG_20210522_193658-400x300.jpg 400w\" sizes=\"auto, (max-width: 1024px) 100vw, 1024px\" \/><\/figure>\n\n\n\n<figure class=\"wp-block-image size-large\"><img loading=\"lazy\" decoding=\"async\" width=\"1024\" height=\"768\" data-id=\"299\" src=\"https:\/\/pfadfinder-fallingbostel.de\/wp-content\/uploads\/2021\/04\/IMG_20180901_135249-1024x768.jpg\" alt=\"\" class=\"wp-image-299\" srcset=\"https:\/\/pfadfinder-fallingbostel.de\/wp-content\/uploads\/2021\/04\/IMG_20180901_135249-1024x768.jpg 1024w, https:\/\/pfadfinder-fallingbostel.de\/wp-content\/uploads\/2021\/04\/IMG_20180901_135249-300x225.jpg 300w, https:\/\/pfadfinder-fallingbostel.de\/wp-content\/uploads\/2021\/04\/IMG_20180901_135249-768x576.jpg 768w, https:\/\/pfadfinder-fallingbostel.de\/wp-content\/uploads\/2021\/04\/IMG_20180901_135249-1536x1152.jpg 1536w, https:\/\/pfadfinder-fallingbostel.de\/wp-content\/uploads\/2021\/04\/IMG_20180901_135249-2048x1536.jpg 2048w, https:\/\/pfadfinder-fallingbostel.de\/wp-content\/uploads\/2021\/04\/IMG_20180901_135249-400x300.jpg 400w\" sizes=\"auto, (max-width: 1024px) 100vw, 1024px\" \/><\/figure>\n\n\n\n<figure class=\"wp-block-image size-large\"><img loading=\"lazy\" decoding=\"async\" width=\"1024\" height=\"768\" data-id=\"300\" src=\"https:\/\/pfadfinder-fallingbostel.de\/wp-content\/uploads\/2021\/04\/IMG_20180901_135320-1024x768.jpg\" alt=\"\" class=\"wp-image-300\" srcset=\"https:\/\/pfadfinder-fallingbostel.de\/wp-content\/uploads\/2021\/04\/IMG_20180901_135320-1024x768.jpg 1024w, https:\/\/pfadfinder-fallingbostel.de\/wp-content\/uploads\/2021\/04\/IMG_20180901_135320-300x225.jpg 300w, https:\/\/pfadfinder-fallingbostel.de\/wp-content\/uploads\/2021\/04\/IMG_20180901_135320-768x576.jpg 768w, https:\/\/pfadfinder-fallingbostel.de\/wp-content\/uploads\/2021\/04\/IMG_20180901_135320-1536x1152.jpg 1536w, https:\/\/pfadfinder-fallingbostel.de\/wp-content\/uploads\/2021\/04\/IMG_20180901_135320-2048x1536.jpg 2048w, https:\/\/pfadfinder-fallingbostel.de\/wp-content\/uploads\/2021\/04\/IMG_20180901_135320-400x300.jpg 400w\" sizes=\"auto, (max-width: 1024px) 100vw, 1024px\" \/><\/figure>\n\n\n\n<figure class=\"wp-block-image size-large\"><img loading=\"lazy\" decoding=\"async\" width=\"1024\" height=\"768\" data-id=\"474\" src=\"https:\/\/pfadfinder-fallingbostel.de\/wp-content\/uploads\/2021\/05\/IMG_20210523_111417-1024x768.jpg\" alt=\"\" class=\"wp-image-474\" srcset=\"https:\/\/pfadfinder-fallingbostel.de\/wp-content\/uploads\/2021\/05\/IMG_20210523_111417-1024x768.jpg 1024w, https:\/\/pfadfinder-fallingbostel.de\/wp-content\/uploads\/2021\/05\/IMG_20210523_111417-300x225.jpg 300w, https:\/\/pfadfinder-fallingbostel.de\/wp-content\/uploads\/2021\/05\/IMG_20210523_111417-768x576.jpg 768w, https:\/\/pfadfinder-fallingbostel.de\/wp-content\/uploads\/2021\/05\/IMG_20210523_111417-1536x1152.jpg 1536w, https:\/\/pfadfinder-fallingbostel.de\/wp-content\/uploads\/2021\/05\/IMG_20210523_111417-2048x1536.jpg 2048w, https:\/\/pfadfinder-fallingbostel.de\/wp-content\/uploads\/2021\/05\/IMG_20210523_111417-400x300.jpg 400w\" sizes=\"auto, (max-width: 1024px) 100vw, 1024px\" \/><\/figure>\n\n\n\n<figure class=\"wp-block-image size-large\"><img loading=\"lazy\" decoding=\"async\" width=\"1024\" height=\"768\" data-id=\"56\" src=\"https:\/\/pfadfinder-fallingbostel.de\/wp-content\/uploads\/2021\/04\/IMG_20180831_210957-1024x768.jpg\" alt=\"\" class=\"wp-image-56\" srcset=\"https:\/\/pfadfinder-fallingbostel.de\/wp-content\/uploads\/2021\/04\/IMG_20180831_210957-1024x768.jpg 1024w, https:\/\/pfadfinder-fallingbostel.de\/wp-content\/uploads\/2021\/04\/IMG_20180831_210957-300x225.jpg 300w, https:\/\/pfadfinder-fallingbostel.de\/wp-content\/uploads\/2021\/04\/IMG_20180831_210957-768x576.jpg 768w, https:\/\/pfadfinder-fallingbostel.de\/wp-content\/uploads\/2021\/04\/IMG_20180831_210957-1536x1152.jpg 1536w, https:\/\/pfadfinder-fallingbostel.de\/wp-content\/uploads\/2021\/04\/IMG_20180831_210957-2048x1536.jpg 2048w\" sizes=\"auto, (max-width: 1024px) 100vw, 1024px\" \/><\/figure>\n\n\n\n<figure class=\"wp-block-image size-large\"><img loading=\"lazy\" decoding=\"async\" width=\"1024\" height=\"768\" data-id=\"296\" src=\"https:\/\/pfadfinder-fallingbostel.de\/wp-content\/uploads\/2021\/04\/IMG_20180901_094639-1024x768.jpg\" alt=\"\" class=\"wp-image-296\" srcset=\"https:\/\/pfadfinder-fallingbostel.de\/wp-content\/uploads\/2021\/04\/IMG_20180901_094639-1024x768.jpg 1024w, https:\/\/pfadfinder-fallingbostel.de\/wp-content\/uploads\/2021\/04\/IMG_20180901_094639-300x225.jpg 300w, https:\/\/pfadfinder-fallingbostel.de\/wp-content\/uploads\/2021\/04\/IMG_20180901_094639-768x576.jpg 768w, https:\/\/pfadfinder-fallingbostel.de\/wp-content\/uploads\/2021\/04\/IMG_20180901_094639-1536x1152.jpg 1536w, https:\/\/pfadfinder-fallingbostel.de\/wp-content\/uploads\/2021\/04\/IMG_20180901_094639-2048x1536.jpg 2048w, https:\/\/pfadfinder-fallingbostel.de\/wp-content\/uploads\/2021\/04\/IMG_20180901_094639-400x300.jpg 400w\" sizes=\"auto, (max-width: 1024px) 100vw, 1024px\" \/><\/figure>\n\n\n\n<figure class=\"wp-block-image size-large\"><img loading=\"lazy\" decoding=\"async\" width=\"1024\" height=\"768\" data-id=\"297\" src=\"https:\/\/pfadfinder-fallingbostel.de\/wp-content\/uploads\/2021\/04\/IMG_20180901_130546-1024x768.jpg\" alt=\"\" class=\"wp-image-297\" srcset=\"https:\/\/pfadfinder-fallingbostel.de\/wp-content\/uploads\/2021\/04\/IMG_20180901_130546-1024x768.jpg 1024w, https:\/\/pfadfinder-fallingbostel.de\/wp-content\/uploads\/2021\/04\/IMG_20180901_130546-300x225.jpg 300w, https:\/\/pfadfinder-fallingbostel.de\/wp-content\/uploads\/2021\/04\/IMG_20180901_130546-768x576.jpg 768w, https:\/\/pfadfinder-fallingbostel.de\/wp-content\/uploads\/2021\/04\/IMG_20180901_130546-1536x1152.jpg 1536w, https:\/\/pfadfinder-fallingbostel.de\/wp-content\/uploads\/2021\/04\/IMG_20180901_130546-2048x1536.jpg 2048w, https:\/\/pfadfinder-fallingbostel.de\/wp-content\/uploads\/2021\/04\/IMG_20180901_130546-400x300.jpg 400w\" sizes=\"auto, (max-width: 1024px) 100vw, 1024px\" \/><\/figure>\n\n\n\n<figure class=\"wp-block-image size-large\"><img loading=\"lazy\" decoding=\"async\" width=\"1024\" height=\"768\" data-id=\"468\" src=\"https:\/\/pfadfinder-fallingbostel.de\/wp-content\/uploads\/2021\/05\/IMG_20210523_111507-1024x768.jpg\" alt=\"\" class=\"wp-image-468\" srcset=\"https:\/\/pfadfinder-fallingbostel.de\/wp-content\/uploads\/2021\/05\/IMG_20210523_111507-1024x768.jpg 1024w, https:\/\/pfadfinder-fallingbostel.de\/wp-content\/uploads\/2021\/05\/IMG_20210523_111507-300x225.jpg 300w, https:\/\/pfadfinder-fallingbostel.de\/wp-content\/uploads\/2021\/05\/IMG_20210523_111507-768x576.jpg 768w, https:\/\/pfadfinder-fallingbostel.de\/wp-content\/uploads\/2021\/05\/IMG_20210523_111507-1536x1152.jpg 1536w, https:\/\/pfadfinder-fallingbostel.de\/wp-content\/uploads\/2021\/05\/IMG_20210523_111507-2048x1536.jpg 2048w, https:\/\/pfadfinder-fallingbostel.de\/wp-content\/uploads\/2021\/05\/IMG_20210523_111507-400x300.jpg 400w\" sizes=\"auto, (max-width: 1024px) 100vw, 1024px\" \/><\/figure>\n<\/figure>\n\n\n\n<div style=\"height:4px\" aria-hidden=\"true\" class=\"wp-block-spacer\"><\/div>\n\n\n<div class=\"wp-block-image\">\n<figure class=\"aligncenter size-large is-resized\"><img loading=\"lazy\" decoding=\"async\" width=\"1024\" height=\"373\" src=\"https:\/\/pfadfinder-fallingbostel.de\/wp-content\/uploads\/2021\/04\/cropped-IMG-20201004-WA0020-1024x373.jpg\" alt=\"\" class=\"wp-image-63\" style=\"width:1232px;height:auto\" srcset=\"https:\/\/pfadfinder-fallingbostel.de\/wp-content\/uploads\/2021\/04\/cropped-IMG-20201004-WA0020-1024x373.jpg 1024w, https:\/\/pfadfinder-fallingbostel.de\/wp-content\/uploads\/2021\/04\/cropped-IMG-20201004-WA0020-300x109.jpg 300w, https:\/\/pfadfinder-fallingbostel.de\/wp-content\/uploads\/2021\/04\/cropped-IMG-20201004-WA0020-768x280.jpg 768w, https:\/\/pfadfinder-fallingbostel.de\/wp-content\/uploads\/2021\/04\/cropped-IMG-20201004-WA0020-1536x560.jpg 1536w, https:\/\/pfadfinder-fallingbostel.de\/wp-content\/uploads\/2021\/04\/cropped-IMG-20201004-WA0020.jpg 1920w\" sizes=\"auto, (max-width: 1024px) 100vw, 1024px\" \/><\/figure>\n<\/div>\n\n\n<p><\/p>\n","protected":false},"excerpt":{"rendered":"<p>Auf drei Zeltwiesen k\u00f6nnen hier Zeltlager stattfinden. Das weitl\u00e4ufige Gel\u00e4nde bietet Platz f\u00fcr viele Freizeitaktivit\u00e4ten:<\/p>\n","protected":false},"author":1,"featured_media":468,"parent":0,"menu_order":0,"comment_status":"closed","ping_status":"closed","template":"","meta":{"footnotes":""},"class_list":["post-194","page","type-page","status-publish","has-post-thumbnail","hentry"],"jetpack_sharing_enabled":true,"_links":{"self":[{"href":"https:\/\/pfadfinder-fallingbostel.de\/index.php?rest_route=\/wp\/v2\/pages\/194","targetHints":{"allow":["GET"]}}],"collection":[{"href":"https:\/\/pfadfinder-fallingbostel.de\/index.php?rest_route=\/wp\/v2\/pages"}],"about":[{"href":"https:\/\/pfadfinder-fallingbostel.de\/index.php?rest_route=\/wp\/v2\/types\/page"}],"author":[{"embeddable":true,"href":"https:\/\/pfadfinder-fallingbostel.de\/index.php?rest_route=\/wp\/v2\/users\/1"}],"replies":[{"embeddable":true,"href":"https:\/\/pfadfinder-fallingbostel.de\/index.php?rest_route=%2Fwp%2Fv2%2Fcomments&post=194"}],"version-history":[{"count":41,"href":"https:\/\/pfadfinder-fallingbostel.de\/index.php?rest_route=\/wp\/v2\/pages\/194\/revisions"}],"predecessor-version":[{"id":983,"href":"https:\/\/pfadfinder-fallingbostel.de\/index.php?rest_route=\/wp\/v2\/pages\/194\/revisions\/983"}],"wp:featuredmedia":[{"embeddable":true,"href":"https:\/\/pfadfinder-fallingbostel.de\/index.php?rest_route=\/wp\/v2\/media\/468"}],"wp:attachment":[{"href":"https:\/\/pfadfinder-fallingbostel.de\/index.php?rest_route=%2Fwp%2Fv2%2Fmedia&parent=194"}],"curies":[{"name":"wp","href":"https:\/\/api.w.org\/{rel}","templated":true}]}}